{"id":54,"date":"2017-09-18T15:24:19","date_gmt":"2017-09-18T13:24:19","guid":{"rendered":"http:\/\/psouukamien.home.pl\/wordpress\/?page_id=54"},"modified":"2017-09-22T09:31:57","modified_gmt":"2017-09-22T07:31:57","slug":"npi","status":"publish","type":"page","link":"http:\/\/psonikamien.org\/?page_id=54","title":{"rendered":"NPI"},"content":{"rendered":"<div class=\"art-postcontent\">\n<div class=\"art-article\">\n<p align=\"justify\"><span style=\"font-family: 'Times New Roman', serif;\"><strong>Niepubliczne Przedszkole Integracyjne<\/strong>\u00a0przy PSONI w Kamieniu Pomorskim\u00a0to plac\u00f3wka\u00a0zapewniaj\u0105ca\u00a0dzieciom wszechstronny i bezpieczny rozw\u00f3j.\u00a0Jest to miejsce\u00a0przyjazne,\u00a0innowacyjne\u00a0maj\u0105ce\u00a0na uwadze przede wszystkim dobro dziecka.\u00a0Ka\u017cde\u00a0z nich\u00a0traktowane jest indywidualnie i podmiotowo. Sprawiamy \u017ce czuj\u0105 si\u0119 one kochane, akceptowane i szcz\u0119\u015bliwe.\u00a0Przedszkole umo\u017cliwia wyr\u00f3wnanie szans edukacyjnych wszystkich dzieci. Rodzice s\u0105 partnerami uczestnicz\u0105cymi w \u017cyciu przedszkola, wspiera ich dzia\u0142ania wychowawcze i edukacyjne. Nasza plac\u00f3wka jest integralnym elementem \u015brodowiska, w kt\u00f3rym dzia\u0142a, wsp\u00f3\u0142pracuje ze \u015brodowiskiem na rzecz rozwoju w\u0142asnego i lokalnego, racjonalnie wykorzystuje warunki, w kt\u00f3rych dzia\u0142a.<\/span><\/p>\n<p align=\"justify\"><span style=\"font-family: 'Times New Roman', serif;\">W przedszkolu\u00a0dzia\u0142aj\u0105\u00a0oddzia\u0142y integracyjne i og\u00f3lnodost\u0119pne. Dysponujemy\u00a0du\u017cymi dobrze wyposa\u017conymi\u00a0salami\u00a0dostosowanymi\u00a0do potrzeb dzieci. Na terenie PSONI znajduje si\u0119 ogr\u00f3d przedszkolny,\u00a0kt\u00f3ry\u00a0jest przygotowywany do zabaw i zaj\u0119\u0107 ruchowych. Przedszkole prowadzi dodatkowe zaj\u0119cia, takie jak:\u00a0muzyka z rytmik\u0105,\u00a0terapia logopedyczna, terapia psychologiczna,\u00a0rehabilitacja. Dzieci korzystaj\u0105 z dodatkowych form wsparcia takich jak: integracja\u00a0sensoryczna,\u00a0hipoterapia, dogoterapia, zaj\u0119cia na basenie.\u00a0Ko\u0142a zainteresowa\u0144,jakie s\u0105 w przedszkolu to: przyrodnicze,\u00a0naukowe, taneczne i czytelnicze.<\/span><\/p>\n<p align=\"justify\"><span style=\"font-family: 'Times New Roman', serif;\">Od 2012 roku przedszkole specjalizuje si\u0119 w wychowaniu integracyjnym, ze szczeg\u00f3lnym zwr\u00f3ceniem uwagi na nabywanie umiej\u0119tno\u015bci poprawnej komunikacji interpersonalnej, zachowa\u0144 empatycznych, wsp\u00f3\u0142\u017cycia z innymi lud\u017ami, radzenia sobie w sytuacjach trudnych, minimalizowanie zachowa\u0144 agresywnych i konfliktowych oraz ujednolicanie oddzia\u0142ywa\u0144 wychowawczych przedszkola z domem rodzinnym . Osi\u0105gane sukcesy sprawi\u0142y \u017ce mo\u017cemy powiedzie\u0107 i\u017c jeste\u015bmy przedszkolem o profilu spo\u0142eczno \u2013 moralnym.<\/span><\/p>\n<p align=\"justify\"><span style=\"font-family: 'Times New Roman', serif;\">Tw\u00f3rcza, mi\u0142a i zawsze u\u015bmiechni\u0119ta kadra systematycznie podnosi swe kwalifikacje, uczestnicz\u0105c w studiach podyplomowych, warsztatach, kursach i szkoleniach. Nauczyciele monitoruj\u0105 indywidualny rozw\u00f3j ka\u017cdego wychowanka w czasie systematycznych obserwacji, prowadzonych w celu zapewnienia najlepszych warunk\u00f3w do osi\u0105gni\u0119cia sukces\u00f3w rozwojowych.<\/span><\/p>\n<\/div>\n<\/div>\n","protected":false},"excerpt":{"rendered":"<p>Niepubliczne Przedszkole Integracyjne\u00a0przy PSONI w Kamieniu Pomorskim\u00a0to plac\u00f3wka\u00a0zapewniaj\u0105ca\u00a0dzieciom wszechstronny i bezpieczny rozw\u00f3j.\u00a0Jest to miejsce\u00a0przyjazne,\u00a0innowacyjne\u00a0maj\u0105ce\u00a0na uwadze przede wszystkim dobro dziecka.\u00a0Ka\u017cde\u00a0z nich\u00a0traktowane jest indywidualnie i podmiotowo. Sprawiamy \u017ce czuj\u0105 si\u0119 one kochane, akceptowane i szcz\u0119\u015bliwe.\u00a0Przedszkole umo\u017cliwia wyr\u00f3wnanie szans edukacyjnych wszystkich dzieci. Rodzice s\u0105 partnerami uczestnicz\u0105cymi w \u017cyciu przedszkola, wspiera ich dzia\u0142ania wychowawcze i edukacyjne. Nasza plac\u00f3wka jest [&hellip;]<\/p>\n","protected":false},"author":1,"featured_media":0,"parent":145,"menu_order":2,"comment_status":"closed","ping_status":"closed","template":"","meta":{"footnotes":""},"class_list":["post-54","page","type-page","status-publish","hentry"],"_links":{"self":[{"href":"http:\/\/psonikamien.org\/index.php?rest_route=\/wp\/v2\/pages\/54","targetHints":{"allow":["GET"]}}],"collection":[{"href":"http:\/\/psonikamien.org\/index.php?rest_route=\/wp\/v2\/pages"}],"about":[{"href":"http:\/\/psonikamien.org\/index.php?rest_route=\/wp\/v2\/types\/page"}],"author":[{"embeddable":true,"href":"http:\/\/psonikamien.org\/index.php?rest_route=\/wp\/v2\/users\/1"}],"replies":[{"embeddable":true,"href":"http:\/\/psonikamien.org\/index.php?rest_route=%2Fwp%2Fv2%2Fcomments&post=54"}],"version-history":[{"count":4,"href":"http:\/\/psonikamien.org\/index.php?rest_route=\/wp\/v2\/pages\/54\/revisions"}],"predecessor-version":[{"id":176,"href":"http:\/\/psonikamien.org\/index.php?rest_route=\/wp\/v2\/pages\/54\/revisions\/176"}],"up":[{"embeddable":true,"href":"http:\/\/psonikamien.org\/index.php?rest_route=\/wp\/v2\/pages\/145"}],"wp:attachment":[{"href":"http:\/\/psonikamien.org\/index.php?rest_route=%2Fwp%2Fv2%2Fmedia&parent=54"}],"curies":[{"name":"wp","href":"https:\/\/api.w.org\/{rel}","templated":true}]}}