{"id":66,"date":"2017-09-18T15:30:52","date_gmt":"2017-09-18T13:30:52","guid":{"rendered":"http:\/\/psouukamien.home.pl\/wordpress\/?page_id=66"},"modified":"2017-09-18T16:23:12","modified_gmt":"2017-09-18T14:23:12","slug":"misja","status":"publish","type":"page","link":"http:\/\/psonikamien.org\/?page_id=66","title":{"rendered":"Misja"},"content":{"rendered":"<p>Misja<br \/>\nNasz\u0105 misj\u0105 jest:<\/p>\n<p>&#8211; dbanie o godno\u015b\u0107 ludzk\u0105, miejsce w rodzinie i w\u015br\u00f3d innych oraz szcz\u0119\u015bcie os\u00f3b niepe\u0142nosprawnych intelektualnie,<br \/>\n&#8211; wspieranie rodzin, aby by\u0142y one w stanie sprosta\u0107 sytuacjom, kt\u00f3re poci\u0105ga za sob\u0105 fakt urodzenia i wychowania dziecka z upo\u015bledzeniem umys\u0142owym; aby by\u0142y w stanie przekszta\u0142ca\u0107 w\u0142asny b\u00f3l w gotowo\u015b\u0107 niesienia pomocy innym.<\/p>\n<p>Celem Stowarzyszenia jest:<\/p>\n<p>&#8211; dzia\u0142anie na rzecz wyr\u00f3wnywania szans os\u00f3b z upo\u015bledzeniem umys\u0142owym,<br \/>\n&#8211; tworzenie warunk\u00f3w przestrzegania wobec niepe\u0142nosprawnych intelektualnie praw cz\u0142owieka,<br \/>\n&#8211; prowadzenia ich ku aktywnemu uczestnictwu w \u017cyciu spo\u0142ecznym &#8211; wspieranie rodzin upo\u015bledzonych umys\u0142owo (Statut Polskiego Stowarzyszenia na Rzecz Os\u00f3b z Upo\u015bledzaniem Umys\u0142owym, art. 4.)<\/p>\n<p>Zadania Polskiego Stowarzyszenia na Rzecz Os\u00f3b z Upo\u015bledzeniem Umys\u0142owym obejmuj\u0105 w szczeg\u00f3lno\u015bci:<\/p>\n<p>&#8211; rzecznictwo interes\u00f3w, z wykorzystaniem m.in. instrumentu praw cz\u0142owieka,<br \/>\n&#8211; inicjowanie rozwi\u0105za\u0144 prawnych,<br \/>\n&#8211; organizowanie i prowadzenie r\u00f3\u017cnego rodzaju plac\u00f3wek, program\u00f3w i us\u0142ug dla niepe\u0142nosprawnych dzieci i os\u00f3b doros\u0142ych w zakresie kompleksowej, wielodyscyplinarnej rehabilitacji i terapii, edukacji, przygotowania do pracy, zatrudnienia, opieki mieszkaniowej, rekreacji oraz wspierania w samodzielno\u015bci, a tak\u017ce pomoc ich rodzinom (m.in. przez udost\u0119pnianie informacji, poradnictwo \u017cyciowe i prawne, grupy wsparcia, kr\u00f3tkoterminowe zast\u0119powanie w opiece itp.),<br \/>\n&#8211; wsp\u00f3\u0142prac\u0119 z organami w\u0142adzy rz\u0105dowej i samorz\u0105dowej w zakresie zaspokajania potrzeb os\u00f3b niepe\u0142nosprawnych i ich rodzin oraz formu\u0142owania odpowiedniej polityki spo\u0142ecznej,<br \/>\n&#8211; szkolenia rodzic\u00f3w i profesjonalist\u00f3w,<br \/>\n&#8211; dzia\u0142alno\u015b\u0107 wydawnicz\u0105 i wsp\u00f3\u0142prac\u0119 z mediami w celu zmiany postaw spo\u0142ecznych.<\/p>\n<p>Cz\u0142onkami Stowarzyszenia s\u0105:<\/p>\n<p>&#8211; rodzice i opiekunowie prawni, osoby z niepe\u0142nosprawno\u015bci\u0105 intelektualn\u0105, inni cz\u0142onkowie ich rodzin, a tak\u017ce przyjaciele, w tym profesjonali\u015bci zaanga\u017cowani w prac\u0119 dla ich dobra.<\/p>\n<p>Polskie Stowarzyszenie na Rzecz Os\u00f3b z Upo\u015bledzeniem Umys\u0142owym jest cz\u0142onkiem Inclusion International &#8211; Mi\u0119dzynarodowej Ligi Stowarzysze\u0144 na Rzecz Os\u00f3b z Upo\u015bledzeniem Umys\u0142owym, Inclusion Europe oraz Polskiego Forum Os\u00f3b Niepe\u0142nosprawnych (cz\u0142onka European Disability Forum). Polskie Stowarzyszenie na Rzecz Os\u00f3b z Upo\u015bledzeniem Umys\u0142owym jest organizacj\u0105 pozarz\u0105dow\u0105 i samopomocow\u0105, dzia\u0142aj\u0105c\u0105 nie dla zysku, co dla po\u017cytku publicznego.<\/p>\n<p>Informacje zaczerpni\u0119te z biuletynu Zarz\u0105du G\u0142\u00f3wnego Polskiego Stowarzyszenia na Rzecz Os\u00f3b z Upo\u015bledzeniem Umys\u0142owym.<\/p>\n","protected":false},"excerpt":{"rendered":"<p>Misja Nasz\u0105 misj\u0105 jest: &#8211; dbanie o godno\u015b\u0107 ludzk\u0105, miejsce w rodzinie i w\u015br\u00f3d innych oraz szcz\u0119\u015bcie os\u00f3b niepe\u0142nosprawnych intelektualnie, &#8211; wspieranie rodzin, aby by\u0142y one w stanie sprosta\u0107 sytuacjom, kt\u00f3re poci\u0105ga za sob\u0105 fakt urodzenia i wychowania dziecka z upo\u015bledzeniem umys\u0142owym; aby by\u0142y w stanie przekszta\u0142ca\u0107 w\u0142asny b\u00f3l w gotowo\u015b\u0107 niesienia pomocy innym. Celem [&hellip;]<\/p>\n","protected":false},"author":1,"featured_media":0,"parent":60,"menu_order":0,"comment_status":"closed","ping_status":"closed","template":"","meta":{"footnotes":""},"class_list":["post-66","page","type-page","status-publish","hentry"],"_links":{"self":[{"href":"http:\/\/psonikamien.org\/index.php?rest_route=\/wp\/v2\/pages\/66","targetHints":{"allow":["GET"]}}],"collection":[{"href":"http:\/\/psonikamien.org\/index.php?rest_route=\/wp\/v2\/pages"}],"about":[{"href":"http:\/\/psonikamien.org\/index.php?rest_route=\/wp\/v2\/types\/page"}],"author":[{"embeddable":true,"href":"http:\/\/psonikamien.org\/index.php?rest_route=\/wp\/v2\/users\/1"}],"replies":[{"embeddable":true,"href":"http:\/\/psonikamien.org\/index.php?rest_route=%2Fwp%2Fv2%2Fcomments&post=66"}],"version-history":[{"count":2,"href":"http:\/\/psonikamien.org\/index.php?rest_route=\/wp\/v2\/pages\/66\/revisions"}],"predecessor-version":[{"id":104,"href":"http:\/\/psonikamien.org\/index.php?rest_route=\/wp\/v2\/pages\/66\/revisions\/104"}],"up":[{"embeddable":true,"href":"http:\/\/psonikamien.org\/index.php?rest_route=\/wp\/v2\/pages\/60"}],"wp:attachment":[{"href":"http:\/\/psonikamien.org\/index.php?rest_route=%2Fwp%2Fv2%2Fmedia&parent=66"}],"curies":[{"name":"wp","href":"https:\/\/api.w.org\/{rel}","templated":true}]}}